{"id":18,"date":"2022-09-07T17:08:34","date_gmt":"2022-09-07T17:08:34","guid":{"rendered":"https:\/\/ptsegur.pt\/sobre-nos\/"},"modified":"2022-09-23T10:16:46","modified_gmt":"2022-09-23T10:16:46","slug":"a-propos-de-nous-systemes-de-securite","status":"publish","type":"page","link":"https:\/\/ptsegur.pt\/fr\/a-propos-de-nous-systemes-de-securite\/","title":{"rendered":"A propos de nous"},"content":{"rendered":"","protected":false},"excerpt":{"rendered":"","protected":false},"author":1,"featured_media":53,"parent":0,"menu_order":0,"comment_status":"closed","ping_status":"closed","template":"template-sobre-nos.php","meta":[],"acf":[],"yoast_head":"<!-- This site is optimized with the Yoast SEO plugin v19.6.1 - https:\/\/yoast.com\/wordpress\/plugins\/seo\/ -->\n<title>Syst\u00e8mes de S\u00e9curit\u00e9 pour Votre Maison | PT Segur - A\u00e7ores<\/title>\n<meta name=\"description\" content=\"En savoir plus sur PT Prot\u00e9gez et investissez dans syst\u00e8mes de s\u00e9curit\u00e9, capable de prot\u00e9ger tous vos biens. Vous \u00eates notre priorit\u00e9.\" \/>\n<meta name=\"robots\" content=\"index, follow, max-snippet:-1, max-image-preview:large, max-video-preview:-1\" \/>\n<link rel=\"canonical\" href=\"https:\/\/ptsegur.pt\/fr\/a-propos-de-nous-systemes-de-securite\/\" \/>\n<meta property=\"og:locale\" content=\"fr_FR\" \/>\n<meta property=\"og:type\" content=\"article\" \/>\n<meta property=\"og:title\" content=\"Syst\u00e8mes de S\u00e9curit\u00e9 pour Votre Maison | PT Segur - A\u00e7ores\" \/>\n<meta property=\"og:description\" content=\"En savoir plus sur PT Prot\u00e9gez et investissez dans syst\u00e8mes de s\u00e9curit\u00e9, capable de prot\u00e9ger tous vos biens. Vous \u00eates notre priorit\u00e9.\" \/>\n<meta property=\"og:url\" content=\"https:\/\/ptsegur.pt\/fr\/a-propos-de-nous-systemes-de-securite\/\" \/>\n<meta property=\"og:site_name\" content=\"PT Segur - Sistemas de Seguran\u00e7a em S\u00e3o Miguel, A\u00e7ores\" \/>\n<meta property=\"article:modified_time\" content=\"2022-09-23T10:16:46+00:00\" \/>\n<meta property=\"og:image\" content=\"https:\/\/ptsegur.pt\/wp-content\/uploads\/2022\/09\/home-img-fundo-1.png\" \/>\n\t<meta property=\"og:image:width\" content=\"1920\" \/>\n\t<meta property=\"og:image:height\" content=\"800\" \/>\n\t<meta property=\"og:image:type\" content=\"image\/png\" \/>\n<meta name=\"twitter:card\" content=\"summary_large_image\" \/>\n<script type=\"application\/ld+json\" class=\"yoast-schema-graph\">{\"@context\":\"https:\/\/schema.org\",\"@graph\":[{\"@type\":\"WebPage\",\"@id\":\"https:\/\/ptsegur.pt\/fr\/a-propos-de-nous-systemes-de-securite\/\",\"url\":\"https:\/\/ptsegur.pt\/fr\/a-propos-de-nous-systemes-de-securite\/\",\"name\":\"Syst\u00e8mes de S\u00e9curit\u00e9 pour Votre Maison | PT Segur - A\u00e7ores\",\"isPartOf\":{\"@id\":\"https:\/\/ptsegur.pt\/#website\"},\"datePublished\":\"2022-09-07T17:08:34+00:00\",\"dateModified\":\"2022-09-23T10:16:46+00:00\",\"description\":\"En savoir plus sur PT Prot\u00e9gez et investissez dans syst\u00e8mes de s\u00e9curit\u00e9, capable de prot\u00e9ger tous vos biens. Vous \u00eates notre priorit\u00e9.\",\"breadcrumb\":{\"@id\":\"https:\/\/ptsegur.pt\/fr\/a-propos-de-nous-systemes-de-securite\/#breadcrumb\"},\"inLanguage\":\"fr-FR\",\"potentialAction\":[{\"@type\":\"ReadAction\",\"target\":[\"https:\/\/ptsegur.pt\/fr\/a-propos-de-nous-systemes-de-securite\/\"]}]},{\"@type\":\"BreadcrumbList\",\"@id\":\"https:\/\/ptsegur.pt\/fr\/a-propos-de-nous-systemes-de-securite\/#breadcrumb\",\"itemListElement\":[{\"@type\":\"ListItem\",\"position\":1,\"name\":\"Home\",\"item\":\"https:\/\/ptsegur.pt\/fr\/\"},{\"@type\":\"ListItem\",\"position\":2,\"name\":\"A propos de nous\"}]},{\"@type\":\"WebSite\",\"@id\":\"https:\/\/ptsegur.pt\/#website\",\"url\":\"https:\/\/ptsegur.pt\/\",\"name\":\"PT Segur - Sistemas de Seguran\u00e7a em S\u00e3o Miguel, A\u00e7ores\",\"description\":\"\",\"potentialAction\":[{\"@type\":\"SearchAction\",\"target\":{\"@type\":\"EntryPoint\",\"urlTemplate\":\"https:\/\/ptsegur.pt\/?s={search_term_string}\"},\"query-input\":\"required name=search_term_string\"}],\"inLanguage\":\"fr-FR\"}]}<\/script>\n<!-- \/ Yoast SEO plugin. -->","yoast_head_json":{"title":"Syst\u00e8mes de S\u00e9curit\u00e9 pour Votre Maison | PT Segur - A\u00e7ores","description":"En savoir plus sur PT Prot\u00e9gez et investissez dans syst\u00e8mes de s\u00e9curit\u00e9, capable de prot\u00e9ger tous vos biens. Vous \u00eates notre priorit\u00e9.","robots":{"index":"index","follow":"follow","max-snippet":"max-snippet:-1","max-image-preview":"max-image-preview:large","max-video-preview":"max-video-preview:-1"},"canonical":"https:\/\/ptsegur.pt\/fr\/a-propos-de-nous-systemes-de-securite\/","og_locale":"fr_FR","og_type":"article","og_title":"Syst\u00e8mes de S\u00e9curit\u00e9 pour Votre Maison | PT Segur - A\u00e7ores","og_description":"En savoir plus sur PT Prot\u00e9gez et investissez dans syst\u00e8mes de s\u00e9curit\u00e9, capable de prot\u00e9ger tous vos biens. Vous \u00eates notre priorit\u00e9.","og_url":"https:\/\/ptsegur.pt\/fr\/a-propos-de-nous-systemes-de-securite\/","og_site_name":"PT Segur - Sistemas de Seguran\u00e7a em S\u00e3o Miguel, A\u00e7ores","article_modified_time":"2022-09-23T10:16:46+00:00","og_image":[{"width":1920,"height":800,"url":"https:\/\/ptsegur.pt\/wp-content\/uploads\/2022\/09\/home-img-fundo-1.png","type":"image\/png"}],"twitter_card":"summary_large_image","schema":{"@context":"https:\/\/schema.org","@graph":[{"@type":"WebPage","@id":"https:\/\/ptsegur.pt\/fr\/a-propos-de-nous-systemes-de-securite\/","url":"https:\/\/ptsegur.pt\/fr\/a-propos-de-nous-systemes-de-securite\/","name":"Syst\u00e8mes de S\u00e9curit\u00e9 pour Votre Maison | PT Segur - A\u00e7ores","isPartOf":{"@id":"https:\/\/ptsegur.pt\/#website"},"datePublished":"2022-09-07T17:08:34+00:00","dateModified":"2022-09-23T10:16:46+00:00","description":"En savoir plus sur PT Prot\u00e9gez et investissez dans syst\u00e8mes de s\u00e9curit\u00e9, capable de prot\u00e9ger tous vos biens. Vous \u00eates notre priorit\u00e9.","breadcrumb":{"@id":"https:\/\/ptsegur.pt\/fr\/a-propos-de-nous-systemes-de-securite\/#breadcrumb"},"inLanguage":"fr-FR","potentialAction":[{"@type":"ReadAction","target":["https:\/\/ptsegur.pt\/fr\/a-propos-de-nous-systemes-de-securite\/"]}]},{"@type":"BreadcrumbList","@id":"https:\/\/ptsegur.pt\/fr\/a-propos-de-nous-systemes-de-securite\/#breadcrumb","itemListElement":[{"@type":"ListItem","position":1,"name":"Home","item":"https:\/\/ptsegur.pt\/fr\/"},{"@type":"ListItem","position":2,"name":"A propos de nous"}]},{"@type":"WebSite","@id":"https:\/\/ptsegur.pt\/#website","url":"https:\/\/ptsegur.pt\/","name":"PT Segur - Sistemas de Seguran\u00e7a em S\u00e3o Miguel, A\u00e7ores","description":"","potentialAction":[{"@type":"SearchAction","target":{"@type":"EntryPoint","urlTemplate":"https:\/\/ptsegur.pt\/?s={search_term_string}"},"query-input":"required name=search_term_string"}],"inLanguage":"fr-FR"}]}},"_links":{"self":[{"href":"https:\/\/ptsegur.pt\/fr\/wp-json\/wp\/v2\/pages\/18"}],"collection":[{"href":"https:\/\/ptsegur.pt\/fr\/wp-json\/wp\/v2\/pages"}],"about":[{"href":"https:\/\/ptsegur.pt\/fr\/wp-json\/wp\/v2\/types\/page"}],"author":[{"embeddable":true,"href":"https:\/\/ptsegur.pt\/fr\/wp-json\/wp\/v2\/users\/1"}],"replies":[{"embeddable":true,"href":"https:\/\/ptsegur.pt\/fr\/wp-json\/wp\/v2\/comments?post=18"}],"version-history":[{"count":6,"href":"https:\/\/ptsegur.pt\/fr\/wp-json\/wp\/v2\/pages\/18\/revisions"}],"predecessor-version":[{"id":523,"href":"https:\/\/ptsegur.pt\/fr\/wp-json\/wp\/v2\/pages\/18\/revisions\/523"}],"wp:featuredmedia":[{"embeddable":true,"href":"https:\/\/ptsegur.pt\/fr\/wp-json\/wp\/v2\/media\/53"}],"wp:attachment":[{"href":"https:\/\/ptsegur.pt\/fr\/wp-json\/wp\/v2\/media?parent=18"}],"curies":[{"name":"wp","href":"https:\/\/api.w.org\/{rel}","templated":true}]}}