{"id":14,"date":"2022-09-07T17:08:32","date_gmt":"2022-09-07T17:08:32","guid":{"rendered":"https:\/\/ptsegur.pt\/home\/"},"modified":"2022-09-26T14:59:57","modified_gmt":"2022-09-26T14:59:57","slug":"home","status":"publish","type":"page","link":"https:\/\/ptsegur.pt\/en\/","title":{"rendered":"Home"},"content":{"rendered":"","protected":false},"excerpt":{"rendered":"","protected":false},"author":1,"featured_media":166,"parent":0,"menu_order":0,"comment_status":"closed","ping_status":"closed","template":"template-homepage.php","meta":[],"acf":[],"yoast_head":"<!-- This site is optimized with the Yoast SEO plugin v19.6.1 - https:\/\/yoast.com\/wordpress\/plugins\/seo\/ -->\n<title>Security Cameras for Home | Your Protection? Always! - PT Segur<\/title>\n<meta name=\"description\" content=\"At PT Segur we operate throughout the archipelago of the Azores! More than 30 years of experience in the field of security security cameras for home.\" \/>\n<meta name=\"robots\" content=\"index, follow, max-snippet:-1, max-image-preview:large, max-video-preview:-1\" \/>\n<link rel=\"canonical\" href=\"https:\/\/ptsegur.pt\/en\/\" \/>\n<meta property=\"og:locale\" content=\"en_US\" \/>\n<meta property=\"og:type\" content=\"article\" \/>\n<meta property=\"og:title\" content=\"Security Cameras for Home | Your Protection? Always! - PT Segur\" \/>\n<meta property=\"og:description\" content=\"At PT Segur we operate throughout the archipelago of the Azores! More than 30 years of experience in the field of security security cameras for home.\" \/>\n<meta property=\"og:url\" content=\"https:\/\/ptsegur.pt\/en\/\" \/>\n<meta property=\"og:site_name\" content=\"PT Segur - Sistemas de Seguran\u00e7a em S\u00e3o Miguel, A\u00e7ores\" \/>\n<meta property=\"article:modified_time\" content=\"2022-09-26T14:59:57+00:00\" \/>\n<meta property=\"og:image\" content=\"https:\/\/ptsegur.pt\/wp-content\/uploads\/2022\/09\/home-img-lateral.png\" \/>\n\t<meta property=\"og:image:width\" content=\"592\" \/>\n\t<meta property=\"og:image:height\" content=\"430\" \/>\n\t<meta property=\"og:image:type\" content=\"image\/png\" \/>\n<meta name=\"twitter:card\" content=\"summary_large_image\" \/>\n<script type=\"application\/ld+json\" class=\"yoast-schema-graph\">{\"@context\":\"https:\/\/schema.org\",\"@graph\":[{\"@type\":\"WebPage\",\"@id\":\"https:\/\/ptsegur.pt\/en\/\",\"url\":\"https:\/\/ptsegur.pt\/en\/\",\"name\":\"Security Cameras for Home | Your Protection? Always! - PT Segur\",\"isPartOf\":{\"@id\":\"https:\/\/ptsegur.pt\/#website\"},\"datePublished\":\"2022-09-07T17:08:32+00:00\",\"dateModified\":\"2022-09-26T14:59:57+00:00\",\"description\":\"At PT Segur we operate throughout the archipelago of the Azores! More than 30 years of experience in the field of security security cameras for home.\",\"breadcrumb\":{\"@id\":\"https:\/\/ptsegur.pt\/en\/#breadcrumb\"},\"inLanguage\":\"en-US\",\"potentialAction\":[{\"@type\":\"ReadAction\",\"target\":[\"https:\/\/ptsegur.pt\/en\/\"]}]},{\"@type\":\"BreadcrumbList\",\"@id\":\"https:\/\/ptsegur.pt\/en\/#breadcrumb\",\"itemListElement\":[{\"@type\":\"ListItem\",\"position\":1,\"name\":\"Home\",\"item\":\"https:\/\/ptsegur.pt\/en\/\"},{\"@type\":\"ListItem\",\"position\":2,\"name\":\"Home\"}]},{\"@type\":\"WebSite\",\"@id\":\"https:\/\/ptsegur.pt\/#website\",\"url\":\"https:\/\/ptsegur.pt\/\",\"name\":\"PT Segur - Sistemas de Seguran\u00e7a em S\u00e3o Miguel, A\u00e7ores\",\"description\":\"\",\"potentialAction\":[{\"@type\":\"SearchAction\",\"target\":{\"@type\":\"EntryPoint\",\"urlTemplate\":\"https:\/\/ptsegur.pt\/?s={search_term_string}\"},\"query-input\":\"required name=search_term_string\"}],\"inLanguage\":\"en-US\"}]}<\/script>\n<!-- \/ Yoast SEO plugin. -->","yoast_head_json":{"title":"Security Cameras for Home | Your Protection? Always! - PT Segur","description":"At PT Segur we operate throughout the archipelago of the Azores! More than 30 years of experience in the field of security security cameras for home.","robots":{"index":"index","follow":"follow","max-snippet":"max-snippet:-1","max-image-preview":"max-image-preview:large","max-video-preview":"max-video-preview:-1"},"canonical":"https:\/\/ptsegur.pt\/en\/","og_locale":"en_US","og_type":"article","og_title":"Security Cameras for Home | Your Protection? Always! - PT Segur","og_description":"At PT Segur we operate throughout the archipelago of the Azores! More than 30 years of experience in the field of security security cameras for home.","og_url":"https:\/\/ptsegur.pt\/en\/","og_site_name":"PT Segur - Sistemas de Seguran\u00e7a em S\u00e3o Miguel, A\u00e7ores","article_modified_time":"2022-09-26T14:59:57+00:00","og_image":[{"width":592,"height":430,"url":"https:\/\/ptsegur.pt\/wp-content\/uploads\/2022\/09\/home-img-lateral.png","type":"image\/png"}],"twitter_card":"summary_large_image","schema":{"@context":"https:\/\/schema.org","@graph":[{"@type":"WebPage","@id":"https:\/\/ptsegur.pt\/en\/","url":"https:\/\/ptsegur.pt\/en\/","name":"Security Cameras for Home | Your Protection? Always! - PT Segur","isPartOf":{"@id":"https:\/\/ptsegur.pt\/#website"},"datePublished":"2022-09-07T17:08:32+00:00","dateModified":"2022-09-26T14:59:57+00:00","description":"At PT Segur we operate throughout the archipelago of the Azores! More than 30 years of experience in the field of security security cameras for home.","breadcrumb":{"@id":"https:\/\/ptsegur.pt\/en\/#breadcrumb"},"inLanguage":"en-US","potentialAction":[{"@type":"ReadAction","target":["https:\/\/ptsegur.pt\/en\/"]}]},{"@type":"BreadcrumbList","@id":"https:\/\/ptsegur.pt\/en\/#breadcrumb","itemListElement":[{"@type":"ListItem","position":1,"name":"Home","item":"https:\/\/ptsegur.pt\/en\/"},{"@type":"ListItem","position":2,"name":"Home"}]},{"@type":"WebSite","@id":"https:\/\/ptsegur.pt\/#website","url":"https:\/\/ptsegur.pt\/","name":"PT Segur - Sistemas de Seguran\u00e7a em S\u00e3o Miguel, A\u00e7ores","description":"","potentialAction":[{"@type":"SearchAction","target":{"@type":"EntryPoint","urlTemplate":"https:\/\/ptsegur.pt\/?s={search_term_string}"},"query-input":"required name=search_term_string"}],"inLanguage":"en-US"}]}},"_links":{"self":[{"href":"https:\/\/ptsegur.pt\/en\/wp-json\/wp\/v2\/pages\/14"}],"collection":[{"href":"https:\/\/ptsegur.pt\/en\/wp-json\/wp\/v2\/pages"}],"about":[{"href":"https:\/\/ptsegur.pt\/en\/wp-json\/wp\/v2\/types\/page"}],"author":[{"embeddable":true,"href":"https:\/\/ptsegur.pt\/en\/wp-json\/wp\/v2\/users\/1"}],"replies":[{"embeddable":true,"href":"https:\/\/ptsegur.pt\/en\/wp-json\/wp\/v2\/comments?post=14"}],"version-history":[{"count":16,"href":"https:\/\/ptsegur.pt\/en\/wp-json\/wp\/v2\/pages\/14\/revisions"}],"predecessor-version":[{"id":770,"href":"https:\/\/ptsegur.pt\/en\/wp-json\/wp\/v2\/pages\/14\/revisions\/770"}],"wp:featuredmedia":[{"embeddable":true,"href":"https:\/\/ptsegur.pt\/en\/wp-json\/wp\/v2\/media\/166"}],"wp:attachment":[{"href":"https:\/\/ptsegur.pt\/en\/wp-json\/wp\/v2\/media?parent=14"}],"curies":[{"name":"wp","href":"https:\/\/api.w.org\/{rel}","templated":true}]}}