{"id":985,"date":"2022-09-07T17:08:37","date_gmt":"2022-09-07T17:08:37","guid":{"rendered":"https:\/\/ptsegur.pt\/sistema-de-alarmes-contactos\/"},"modified":"2023-01-10T10:55:28","modified_gmt":"2023-01-10T10:55:28","slug":"ueberwachungskamera-kontakte","status":"publish","type":"page","link":"https:\/\/ptsegur.pt\/de\/ueberwachungskamera-kontakte\/","title":{"rendered":"Kontakte"},"content":{"rendered":"","protected":false},"excerpt":{"rendered":"","protected":false},"author":1,"featured_media":780,"parent":0,"menu_order":0,"comment_status":"closed","ping_status":"closed","template":"template-contactos.php","meta":[],"acf":[],"yoast_head":"<!-- This site is optimized with the Yoast SEO plugin v19.6.1 - https:\/\/yoast.com\/wordpress\/plugins\/seo\/ -->\n<title>\u00fcberwachungskamera zum Schutz Ihres Hauses! - PT Segur<\/title>\n<meta name=\"description\" content=\"M\u00f6chten Sie Ihr Eigentum sch\u00fctzen? Finden Sie in dieser Alarmanlage die Sicherheit, die Sie suchen. Wir sind f\u00fcr Sie da!\" \/>\n<meta name=\"robots\" content=\"index, follow, max-snippet:-1, max-image-preview:large, max-video-preview:-1\" \/>\n<link rel=\"canonical\" href=\"https:\/\/ptsegur.pt\/de\/ueberwachungskamera-kontakte\/\" \/>\n<meta property=\"og:locale\" content=\"de_DE\" \/>\n<meta property=\"og:type\" content=\"article\" \/>\n<meta property=\"og:title\" content=\"\u00fcberwachungskamera zum Schutz Ihres Hauses! - PT Segur\" \/>\n<meta property=\"og:description\" content=\"M\u00f6chten Sie Ihr Eigentum sch\u00fctzen? Finden Sie in dieser Alarmanlage die Sicherheit, die Sie suchen. Wir sind f\u00fcr Sie da!\" \/>\n<meta property=\"og:url\" content=\"https:\/\/ptsegur.pt\/de\/ueberwachungskamera-kontakte\/\" \/>\n<meta property=\"og:site_name\" content=\"PT Segur - Sistemas de Seguran\u00e7a em S\u00e3o Miguel, A\u00e7ores\" \/>\n<meta property=\"article:modified_time\" content=\"2023-01-10T10:55:28+00:00\" \/>\n<meta property=\"og:image\" content=\"https:\/\/ptsegur.pt\/wp-content\/uploads\/2022\/09\/home-img-fundo-2.png\" \/>\n\t<meta property=\"og:image:width\" content=\"1920\" \/>\n\t<meta property=\"og:image:height\" content=\"695\" \/>\n\t<meta property=\"og:image:type\" content=\"image\/png\" \/>\n<meta name=\"twitter:card\" content=\"summary_large_image\" \/>\n<script type=\"application\/ld+json\" class=\"yoast-schema-graph\">{\"@context\":\"https:\/\/schema.org\",\"@graph\":[{\"@type\":\"WebPage\",\"@id\":\"https:\/\/ptsegur.pt\/de\/ueberwachungskamera-kontakte\/\",\"url\":\"https:\/\/ptsegur.pt\/de\/ueberwachungskamera-kontakte\/\",\"name\":\"\u00fcberwachungskamera zum Schutz Ihres Hauses! - PT Segur\",\"isPartOf\":{\"@id\":\"https:\/\/ptsegur.pt\/#website\"},\"datePublished\":\"2022-09-07T17:08:37+00:00\",\"dateModified\":\"2023-01-10T10:55:28+00:00\",\"description\":\"M\u00f6chten Sie Ihr Eigentum sch\u00fctzen? Finden Sie in dieser Alarmanlage die Sicherheit, die Sie suchen. Wir sind f\u00fcr Sie da!\",\"breadcrumb\":{\"@id\":\"https:\/\/ptsegur.pt\/de\/ueberwachungskamera-kontakte\/#breadcrumb\"},\"inLanguage\":\"de-DE\",\"potentialAction\":[{\"@type\":\"ReadAction\",\"target\":[\"https:\/\/ptsegur.pt\/de\/ueberwachungskamera-kontakte\/\"]}]},{\"@type\":\"BreadcrumbList\",\"@id\":\"https:\/\/ptsegur.pt\/de\/ueberwachungskamera-kontakte\/#breadcrumb\",\"itemListElement\":[{\"@type\":\"ListItem\",\"position\":1,\"name\":\"Home\",\"item\":\"https:\/\/ptsegur.pt\/de\/\"},{\"@type\":\"ListItem\",\"position\":2,\"name\":\"Kontakte\"}]},{\"@type\":\"WebSite\",\"@id\":\"https:\/\/ptsegur.pt\/#website\",\"url\":\"https:\/\/ptsegur.pt\/\",\"name\":\"PT Segur - Sistemas de Seguran\u00e7a em S\u00e3o Miguel, A\u00e7ores\",\"description\":\"\",\"potentialAction\":[{\"@type\":\"SearchAction\",\"target\":{\"@type\":\"EntryPoint\",\"urlTemplate\":\"https:\/\/ptsegur.pt\/?s={search_term_string}\"},\"query-input\":\"required name=search_term_string\"}],\"inLanguage\":\"de-DE\"}]}<\/script>\n<!-- \/ Yoast SEO plugin. -->","yoast_head_json":{"title":"\u00fcberwachungskamera zum Schutz Ihres Hauses! - PT Segur","description":"M\u00f6chten Sie Ihr Eigentum sch\u00fctzen? Finden Sie in dieser Alarmanlage die Sicherheit, die Sie suchen. Wir sind f\u00fcr Sie da!","robots":{"index":"index","follow":"follow","max-snippet":"max-snippet:-1","max-image-preview":"max-image-preview:large","max-video-preview":"max-video-preview:-1"},"canonical":"https:\/\/ptsegur.pt\/de\/ueberwachungskamera-kontakte\/","og_locale":"de_DE","og_type":"article","og_title":"\u00fcberwachungskamera zum Schutz Ihres Hauses! - PT Segur","og_description":"M\u00f6chten Sie Ihr Eigentum sch\u00fctzen? Finden Sie in dieser Alarmanlage die Sicherheit, die Sie suchen. Wir sind f\u00fcr Sie da!","og_url":"https:\/\/ptsegur.pt\/de\/ueberwachungskamera-kontakte\/","og_site_name":"PT Segur - Sistemas de Seguran\u00e7a em S\u00e3o Miguel, A\u00e7ores","article_modified_time":"2023-01-10T10:55:28+00:00","og_image":[{"width":1920,"height":695,"url":"https:\/\/ptsegur.pt\/wp-content\/uploads\/2022\/09\/home-img-fundo-2.png","type":"image\/png"}],"twitter_card":"summary_large_image","schema":{"@context":"https:\/\/schema.org","@graph":[{"@type":"WebPage","@id":"https:\/\/ptsegur.pt\/de\/ueberwachungskamera-kontakte\/","url":"https:\/\/ptsegur.pt\/de\/ueberwachungskamera-kontakte\/","name":"\u00fcberwachungskamera zum Schutz Ihres Hauses! - PT Segur","isPartOf":{"@id":"https:\/\/ptsegur.pt\/#website"},"datePublished":"2022-09-07T17:08:37+00:00","dateModified":"2023-01-10T10:55:28+00:00","description":"M\u00f6chten Sie Ihr Eigentum sch\u00fctzen? Finden Sie in dieser Alarmanlage die Sicherheit, die Sie suchen. Wir sind f\u00fcr Sie da!","breadcrumb":{"@id":"https:\/\/ptsegur.pt\/de\/ueberwachungskamera-kontakte\/#breadcrumb"},"inLanguage":"de-DE","potentialAction":[{"@type":"ReadAction","target":["https:\/\/ptsegur.pt\/de\/ueberwachungskamera-kontakte\/"]}]},{"@type":"BreadcrumbList","@id":"https:\/\/ptsegur.pt\/de\/ueberwachungskamera-kontakte\/#breadcrumb","itemListElement":[{"@type":"ListItem","position":1,"name":"Home","item":"https:\/\/ptsegur.pt\/de\/"},{"@type":"ListItem","position":2,"name":"Kontakte"}]},{"@type":"WebSite","@id":"https:\/\/ptsegur.pt\/#website","url":"https:\/\/ptsegur.pt\/","name":"PT Segur - Sistemas de Seguran\u00e7a em S\u00e3o Miguel, A\u00e7ores","description":"","potentialAction":[{"@type":"SearchAction","target":{"@type":"EntryPoint","urlTemplate":"https:\/\/ptsegur.pt\/?s={search_term_string}"},"query-input":"required name=search_term_string"}],"inLanguage":"de-DE"}]}},"_links":{"self":[{"href":"https:\/\/ptsegur.pt\/de\/wp-json\/wp\/v2\/pages\/985"}],"collection":[{"href":"https:\/\/ptsegur.pt\/de\/wp-json\/wp\/v2\/pages"}],"about":[{"href":"https:\/\/ptsegur.pt\/de\/wp-json\/wp\/v2\/types\/page"}],"author":[{"embeddable":true,"href":"https:\/\/ptsegur.pt\/de\/wp-json\/wp\/v2\/users\/1"}],"replies":[{"embeddable":true,"href":"https:\/\/ptsegur.pt\/de\/wp-json\/wp\/v2\/comments?post=985"}],"version-history":[{"count":4,"href":"https:\/\/ptsegur.pt\/de\/wp-json\/wp\/v2\/pages\/985\/revisions"}],"predecessor-version":[{"id":1073,"href":"https:\/\/ptsegur.pt\/de\/wp-json\/wp\/v2\/pages\/985\/revisions\/1073"}],"wp:featuredmedia":[{"embeddable":true,"href":"https:\/\/ptsegur.pt\/de\/wp-json\/wp\/v2\/media\/780"}],"wp:attachment":[{"href":"https:\/\/ptsegur.pt\/de\/wp-json\/wp\/v2\/media?parent=985"}],"curies":[{"name":"wp","href":"https:\/\/api.w.org\/{rel}","templated":true}]}}